{"id":1768,"date":"2022-12-29T22:38:48","date_gmt":"2022-12-29T22:38:48","guid":{"rendered":"https:\/\/consupedia.com\/about-us\/"},"modified":"2025-04-14T06:38:43","modified_gmt":"2025-04-14T06:38:43","slug":"about-us","status":"publish","type":"page","link":"https:\/\/consupedia.com\/en\/about-us\/","title":{"rendered":"About us"},"content":{"rendered":"<p><img fetchpriority=\"high\" decoding=\"async\" src=\"https:\/\/consupedia.com\/wp-content\/uploads\/2023\/06\/Consupedia-37-edited-768x1024.jpg\" sizes=\"(max-width: 768px) 100vw, 768px\" srcset=\"https:\/\/consupedia.com\/wp-content\/uploads\/2023\/06\/Consupedia-37-edited-768x1024.jpg 768w, https:\/\/consupedia.com\/wp-content\/uploads\/2023\/06\/Consupedia-37-edited-225x300.jpg 225w, https:\/\/consupedia.com\/wp-content\/uploads\/2023\/06\/Consupedia-37-edited-1152x1536.jpg 1152w, https:\/\/consupedia.com\/wp-content\/uploads\/2023\/06\/Consupedia-37-edited-1537x2048.jpg 1537w, https:\/\/consupedia.com\/wp-content\/uploads\/2023\/06\/Consupedia-37-edited-scaled.jpg 1921w\" alt=\"\" width=\"768\" height=\"1024\"><\/p>\n<p>Consupedia&#8217;s founder, Roberto Rufo Gonzalez. Here with his parrot \u00c5ke in Roberto&#8217;s home village Sk\u00e4rs\u00e5, in H\u00e4lsingland County. Photo: Eduardo Leal.<\/p>\n<p>Consupedia is more than a company \u2013 it\u2019s a movement. Our vision is a transparent and sustainable food system where every decision contributes to the UN\u2019s global goals. Through one of the world\u2019s most detailed food and sustainability databases, powered by advanced AI and data analytics, we enable consumers, businesses, municipalities and decision-makers to make informed sustainable choices.  <\/p>\n<p>Consupedia is the result of five years of research and development together with KTH (the Royal Institute of Technology) and Dalarna University. Together, our team of researchers, psychologists, entrepreneurs, developers and AI, has succeeded in what many thought was impossible &#8211; to create one of the world&#8217;s largest databases for food in relation to sustainability. An encyclopedia for the consumer.  <\/p>\n<p>The idea for Consupedia was born in 2015 when Roberto Rufo Gonzalez lacked a solution where the sustainability of a product could be calculated. This became the beginning of a research project in collaboration with Dalarna University and the Royal Institute of Technology. The project developed a methodology and tools to provide information about a food&#8217;s impact on the <em>environment<\/em>, <em>health <\/em>and <em>justice<\/em>. The same methodology is today the basis for climate figures and sustainability scores used by the wholesaler Martin &amp; Servera and by players in Convenience Stores such as Reitan and Convini.   <\/p>\n<h3>How can we help you?<\/h3>\n<p>Are you a producer who wants to know how sustainable your products are <em>and <\/em>how you can make them better for both people, animals and nature? Or are you a wholesaler, do you work in retail and want to find out which products from your range cause problems in sustainable development, and want to offer your customers more sustainable choices? Or do you work in a municipality and want to measure and have clear control and follow-up of purchases for reduced resource and climate impact?  <\/p>\n<figure style=\"box-sizing: border-box; display: block; margin: 0px 0px 1rem;\"><figcaption style=\"box-sizing: border-box; display: block; color: #ffffff;\">\n<p style=\"box-sizing: border-box; margin-top: 0px; margin-bottom: 1rem; font-size: 1.4rem; color: #ffffff;\">We can help you with that, and so much more.<\/p>\n<p style=\"box-sizing: border-box; margin-top: 0px; margin-bottom: 1rem; font-size: 1.4rem; color: #ffffff;\">\n<\/figcaption><\/figure>\n<figure><figcaption><b style=\"font-size: 1.4rem; font-family: var( --e-global-typography-text-font-family ), Sans-serif; text-align: var(--text-align);\">Based on research<br \/>\n<\/b>Consupedia was founded by Roberto Rufo Gonzalez as a research project in 2016, in collaboration with Dalarna University and the Royal Institute of Technology. A strong partnership with researchers is still today one of the cornerstones of our business. Our expertise lies in linking sustainability data (up to 21 sustainability parameters) to individual ingredients and compound products. We make no assumptions or judgments of our own, but only collect and present existing information in a factual and unbiased manner. <\/figcaption><\/figure>\n<h3><b style=\"font-size: 1.4rem; font-family: var( --e-global-typography-text-font-family ), Sans-serif; text-align: var(--text-align);\">Transparency for a sustainable food system<\/b><\/h3>\n<p>Our vision is a transparent food system that shows consideration for all living things. By using our services you contribute to that vision. If we do not measure consequences, it just remains a gut feeling. It is only when we have the facts\u2014black and white\u2014that consumers can truly make sustainable choices. Consupedia has mapped 99% of everything sold in grocery stores in Sweden, something no one has done before. And this is just the beginning.   <\/p>\n<blockquote><p>What do other people write about us? Read more about us in our <a href=\"https:\/\/consupedia.com\/said-about-us\/\"><strong>media archive<\/strong><\/a>!<\/p><\/blockquote>\n<h2><strong>More than CO2&#8230;<\/strong><\/h2>\n<p>Sustainable development is more than measuring CO2. To get a complete picture, more parameters must be taken into account. <\/p>\n<p>In the Western world, we have been living in a haze of luxury since the 1980s, depleting the Earth&#8217;s resources. It\u2019s not just about the climate\u2014it\u2019s also about how producers have exploited and oppressed people, mistreated animals, made children work, applied too much pesticides ruining our soils, and disrupted the biodiversity. <\/p>\n<p>Thankfully, we have made great strides in awareness over the past decades. However, it is strange that we almost always measure only one of the many sustainability aspects. Making sustainable choices is about more than just the climate\u2014it\u2019s the total sustainability footprint that is relevant and important.  <\/p>\n<div style=\"width: 640px;\" class=\"wp-video\"><video class=\"wp-video-shortcode\" id=\"video-1768-1\" width=\"640\" height=\"360\" preload=\"metadata\" controls=\"controls\"><source type=\"video\/mp4\" src=\"https:\/\/consupedia.com\/wp-content\/uploads\/2024\/10\/Chessgame-ver1.mp4?_=1\" \/><a href=\"https:\/\/consupedia.com\/wp-content\/uploads\/2024\/10\/Chessgame-ver1.mp4\">https:\/\/consupedia.com\/wp-content\/uploads\/2024\/10\/Chessgame-ver1.mp4<\/a><\/video><\/div>\n","protected":false},"excerpt":{"rendered":"<p>Consupedia&#8217;s founder, Roberto Rufo Gonzalez. Here with his parrot \u00c5ke in Roberto&#8217;s home village Sk\u00e4rs\u00e5, in H\u00e4lsingland County. Photo: Eduardo Leal. Consupedia is more than a company \u2013 it\u2019s a movement. Our vision is a transparent and sustainable food system where every decision contributes to the UN\u2019s global goals. Through one of the world\u2019s most [&hellip;]<\/p>\n","protected":false},"author":5,"featured_media":0,"parent":0,"menu_order":0,"comment_status":"closed","ping_status":"closed","template":"","meta":{"_acf_changed":false,"inline_featured_image":false,"footnotes":""},"class_list":["post-1768","page","type-page","status-publish","hentry"],"acf":[],"yoast_head":"<!-- This site is optimized with the Yoast SEO plugin v25.8 - https:\/\/yoast.com\/wordpress\/plugins\/seo\/ -->\n<title>About us - Consupedia<\/title>\n<meta name=\"description\" content=\"About us\" \/>\n<meta name=\"robots\" content=\"index, follow, max-snippet:-1, max-image-preview:large, max-video-preview:-1\" \/>\n<link rel=\"canonical\" href=\"https:\/\/consupedia.com\/en\/about-us\/\" \/>\n<meta property=\"og:locale\" content=\"en_US\" \/>\n<meta property=\"og:type\" content=\"article\" \/>\n<meta property=\"og:title\" content=\"About us - Consupedia\" \/>\n<meta property=\"og:description\" content=\"About us\" \/>\n<meta property=\"og:url\" content=\"https:\/\/consupedia.com\/en\/about-us\/\" \/>\n<meta property=\"og:site_name\" content=\"Consupedia\" \/>\n<meta property=\"article:publisher\" content=\"https:\/\/www.facebook.com\/ConsupediaGlobal\/about\/\" \/>\n<meta property=\"article:modified_time\" content=\"2025-04-14T06:38:43+00:00\" \/>\n<meta property=\"og:image\" content=\"https:\/\/consupedia.com\/wp-content\/uploads\/2023\/06\/Consupedia-37-edited-768x1024.jpg\" \/>\n<meta name=\"twitter:card\" content=\"summary_large_image\" \/>\n<meta name=\"twitter:label1\" content=\"Est. reading time\" \/>\n\t<meta name=\"twitter:data1\" content=\"2 minutes\" \/>\n<script type=\"application\/ld+json\" class=\"yoast-schema-graph\">{\"@context\":\"https:\/\/schema.org\",\"@graph\":[{\"@type\":\"WebPage\",\"@id\":\"https:\/\/consupedia.com\/en\/about-us\/\",\"url\":\"https:\/\/consupedia.com\/en\/about-us\/\",\"name\":\"About us - Consupedia\",\"isPartOf\":{\"@id\":\"https:\/\/consupedia.com\/#website\"},\"primaryImageOfPage\":{\"@id\":\"https:\/\/consupedia.com\/en\/about-us\/#primaryimage\"},\"image\":{\"@id\":\"https:\/\/consupedia.com\/en\/about-us\/#primaryimage\"},\"thumbnailUrl\":\"https:\/\/consupedia.com\/wp-content\/uploads\/2023\/06\/Consupedia-37-edited-768x1024.jpg\",\"datePublished\":\"2022-12-29T22:38:48+00:00\",\"dateModified\":\"2025-04-14T06:38:43+00:00\",\"description\":\"About us\",\"breadcrumb\":{\"@id\":\"https:\/\/consupedia.com\/en\/about-us\/#breadcrumb\"},\"inLanguage\":\"en-US\",\"potentialAction\":[{\"@type\":\"ReadAction\",\"target\":[\"https:\/\/consupedia.com\/en\/about-us\/\"]}]},{\"@type\":\"ImageObject\",\"inLanguage\":\"en-US\",\"@id\":\"https:\/\/consupedia.com\/en\/about-us\/#primaryimage\",\"url\":\"https:\/\/consupedia.com\/wp-content\/uploads\/2023\/06\/Consupedia-37-edited-768x1024.jpg\",\"contentUrl\":\"https:\/\/consupedia.com\/wp-content\/uploads\/2023\/06\/Consupedia-37-edited-768x1024.jpg\"},{\"@type\":\"BreadcrumbList\",\"@id\":\"https:\/\/consupedia.com\/en\/about-us\/#breadcrumb\",\"itemListElement\":[{\"@type\":\"ListItem\",\"position\":1,\"name\":\"Home\",\"item\":\"https:\/\/consupedia.com\/en\/\"},{\"@type\":\"ListItem\",\"position\":2,\"name\":\"About us\"}]},{\"@type\":\"WebSite\",\"@id\":\"https:\/\/consupedia.com\/#website\",\"url\":\"https:\/\/consupedia.com\/\",\"name\":\"Consupedia\",\"description\":\"Revolutionizing the food system for a more transparent and sustainable world.\",\"publisher\":{\"@id\":\"https:\/\/consupedia.com\/#organization\"},\"potentialAction\":[{\"@type\":\"SearchAction\",\"target\":{\"@type\":\"EntryPoint\",\"urlTemplate\":\"https:\/\/consupedia.com\/?s={search_term_string}\"},\"query-input\":{\"@type\":\"PropertyValueSpecification\",\"valueRequired\":true,\"valueName\":\"search_term_string\"}}],\"inLanguage\":\"en-US\"},{\"@type\":\"Organization\",\"@id\":\"https:\/\/consupedia.com\/#organization\",\"name\":\"Consupedia\",\"url\":\"https:\/\/consupedia.com\/\",\"logo\":{\"@type\":\"ImageObject\",\"inLanguage\":\"en-US\",\"@id\":\"https:\/\/consupedia.com\/#\/schema\/logo\/image\/\",\"url\":\"https:\/\/consupedia.com\/wp-content\/uploads\/2025\/03\/Consu2.svg\",\"contentUrl\":\"https:\/\/consupedia.com\/wp-content\/uploads\/2025\/03\/Consu2.svg\",\"width\":192,\"height\":208,\"caption\":\"Consupedia\"},\"image\":{\"@id\":\"https:\/\/consupedia.com\/#\/schema\/logo\/image\/\"},\"sameAs\":[\"https:\/\/www.facebook.com\/ConsupediaGlobal\/about\/\",\"https:\/\/www.instagram.com\/consupedia\/\"]}]}<\/script>\n<!-- \/ Yoast SEO plugin. -->","yoast_head_json":{"title":"About us - Consupedia","description":"About us","robots":{"index":"index","follow":"follow","max-snippet":"max-snippet:-1","max-image-preview":"max-image-preview:large","max-video-preview":"max-video-preview:-1"},"canonical":"https:\/\/consupedia.com\/en\/about-us\/","og_locale":"en_US","og_type":"article","og_title":"About us - Consupedia","og_description":"About us","og_url":"https:\/\/consupedia.com\/en\/about-us\/","og_site_name":"Consupedia","article_publisher":"https:\/\/www.facebook.com\/ConsupediaGlobal\/about\/","article_modified_time":"2025-04-14T06:38:43+00:00","og_image":[{"url":"https:\/\/consupedia.com\/wp-content\/uploads\/2023\/06\/Consupedia-37-edited-768x1024.jpg","type":"","width":"","height":""}],"twitter_card":"summary_large_image","twitter_misc":{"Est. reading time":"2 minutes"},"schema":{"@context":"https:\/\/schema.org","@graph":[{"@type":"WebPage","@id":"https:\/\/consupedia.com\/en\/about-us\/","url":"https:\/\/consupedia.com\/en\/about-us\/","name":"About us - Consupedia","isPartOf":{"@id":"https:\/\/consupedia.com\/#website"},"primaryImageOfPage":{"@id":"https:\/\/consupedia.com\/en\/about-us\/#primaryimage"},"image":{"@id":"https:\/\/consupedia.com\/en\/about-us\/#primaryimage"},"thumbnailUrl":"https:\/\/consupedia.com\/wp-content\/uploads\/2023\/06\/Consupedia-37-edited-768x1024.jpg","datePublished":"2022-12-29T22:38:48+00:00","dateModified":"2025-04-14T06:38:43+00:00","description":"About us","breadcrumb":{"@id":"https:\/\/consupedia.com\/en\/about-us\/#breadcrumb"},"inLanguage":"en-US","potentialAction":[{"@type":"ReadAction","target":["https:\/\/consupedia.com\/en\/about-us\/"]}]},{"@type":"ImageObject","inLanguage":"en-US","@id":"https:\/\/consupedia.com\/en\/about-us\/#primaryimage","url":"https:\/\/consupedia.com\/wp-content\/uploads\/2023\/06\/Consupedia-37-edited-768x1024.jpg","contentUrl":"https:\/\/consupedia.com\/wp-content\/uploads\/2023\/06\/Consupedia-37-edited-768x1024.jpg"},{"@type":"BreadcrumbList","@id":"https:\/\/consupedia.com\/en\/about-us\/#breadcrumb","itemListElement":[{"@type":"ListItem","position":1,"name":"Home","item":"https:\/\/consupedia.com\/en\/"},{"@type":"ListItem","position":2,"name":"About us"}]},{"@type":"WebSite","@id":"https:\/\/consupedia.com\/#website","url":"https:\/\/consupedia.com\/","name":"Consupedia","description":"Revolutionizing the food system for a more transparent and sustainable world.","publisher":{"@id":"https:\/\/consupedia.com\/#organization"},"potentialAction":[{"@type":"SearchAction","target":{"@type":"EntryPoint","urlTemplate":"https:\/\/consupedia.com\/?s={search_term_string}"},"query-input":{"@type":"PropertyValueSpecification","valueRequired":true,"valueName":"search_term_string"}}],"inLanguage":"en-US"},{"@type":"Organization","@id":"https:\/\/consupedia.com\/#organization","name":"Consupedia","url":"https:\/\/consupedia.com\/","logo":{"@type":"ImageObject","inLanguage":"en-US","@id":"https:\/\/consupedia.com\/#\/schema\/logo\/image\/","url":"https:\/\/consupedia.com\/wp-content\/uploads\/2025\/03\/Consu2.svg","contentUrl":"https:\/\/consupedia.com\/wp-content\/uploads\/2025\/03\/Consu2.svg","width":192,"height":208,"caption":"Consupedia"},"image":{"@id":"https:\/\/consupedia.com\/#\/schema\/logo\/image\/"},"sameAs":["https:\/\/www.facebook.com\/ConsupediaGlobal\/about\/","https:\/\/www.instagram.com\/consupedia\/"]}]}},"_links":{"self":[{"href":"https:\/\/consupedia.com\/en\/wp-json\/wp\/v2\/pages\/1768","targetHints":{"allow":["GET"]}}],"collection":[{"href":"https:\/\/consupedia.com\/en\/wp-json\/wp\/v2\/pages"}],"about":[{"href":"https:\/\/consupedia.com\/en\/wp-json\/wp\/v2\/types\/page"}],"author":[{"embeddable":true,"href":"https:\/\/consupedia.com\/en\/wp-json\/wp\/v2\/users\/5"}],"replies":[{"embeddable":true,"href":"https:\/\/consupedia.com\/en\/wp-json\/wp\/v2\/comments?post=1768"}],"version-history":[{"count":20,"href":"https:\/\/consupedia.com\/en\/wp-json\/wp\/v2\/pages\/1768\/revisions"}],"predecessor-version":[{"id":4068,"href":"https:\/\/consupedia.com\/en\/wp-json\/wp\/v2\/pages\/1768\/revisions\/4068"}],"wp:attachment":[{"href":"https:\/\/consupedia.com\/en\/wp-json\/wp\/v2\/media?parent=1768"}],"curies":[{"name":"wp","href":"https:\/\/api.w.org\/{rel}","templated":true}]}}