{"id":2675,"date":"2023-05-09T11:04:46","date_gmt":"2023-05-09T11:04:46","guid":{"rendered":"https:\/\/consupedia.com\/contact-form-product-data\/"},"modified":"2025-02-14T10:16:28","modified_gmt":"2025-02-14T10:16:28","slug":"contact-form-product-data","status":"publish","type":"page","link":"https:\/\/consupedia.com\/en\/contact-form-product-data\/","title":{"rendered":"Contact form product data"},"content":{"rendered":"\n<p>As a supplier or producer, you are welcome to share as much information as possible about your products (e.g. quantity and origin of ingredients). This will allow us to make a more detailed calculation of your product linked to our 21 sustainability parameters, and you will receive a high value in transparency. <br\/><br\/>If you have any questions about Consupedia&#8217;s sustainability score or have any other concerns, please fill in the fields below and we will get back to you as soon as possible.<\/p>\n\n<div style=\"height:50px\" aria-hidden=\"true\" class=\"wp-block-spacer\"><\/div>\n\n<section class=\"wp-block-group has-background is-layout-constrained wp-container-core-group-is-layout-0ea4e0c6 wp-block-group-is-layout-constrained\" style=\"background-color:#edf7fb;padding-top:var(--wp--preset--spacing--70)\"><div class=\"frm_forms  with_frm_style frm_style_formidable-style\" id=\"frm_form_6_container\" data-token=\"eda302d1d49b2eda8adeb41f2ac36392\">\n<form enctype=\"multipart\/form-data\" method=\"post\" class=\"frm-show-form  frm_pro_form \" id=\"form_martinservera\" data-token=\"eda302d1d49b2eda8adeb41f2ac36392\">\n<div class=\"frm_form_fields \">\n<fieldset>\n<legend class=\"frm_screen_reader\">Kontaktformul\u00e4r (Martin &#038; Servera)<\/legend>\r\n\r\n<div class=\"frm_fields_container\">\n<input type=\"hidden\" name=\"frm_action\" value=\"create\" \/>\n<input type=\"hidden\" name=\"form_id\" value=\"6\" \/>\n<input type=\"hidden\" name=\"frm_hide_fields_6\" id=\"frm_hide_fields_6\" value=\"\" \/>\n<input type=\"hidden\" name=\"form_key\" value=\"martinservera\" \/>\n<input type=\"hidden\" name=\"item_meta[0]\" value=\"\" \/>\n<input type=\"hidden\" id=\"frm_submit_entry_6\" name=\"frm_submit_entry_6\" value=\"3349134740\" \/><input type=\"hidden\" name=\"_wp_http_referer\" value=\"\/en\/wp-json\/wp\/v2\/pages\/2675\" \/><div id=\"frm_field_56_container\" class=\"frm_form_field form-field  frm_required_field frm_top_container frm12 frm_other_container\">\r\n    <label for=\"field_d4dck\" id=\"field_d4dck_label\" class=\"frm_primary_label\">Jag vill kontakta Consupedia om &#8230;\r\n        <span class=\"frm_required\" aria-hidden=\"true\">*<\/span>\r\n    <\/label>\r\n    \t\t<select name=\"item_meta[56]\" id=\"field_d4dck\"  data-reqmsg=\"Obligatorisk uppgift.\" aria-required=\"true\" data-invmsg=\"Jag vill kontakta Consupedia om ... is invalid\" class=\"auto_width\" aria-invalid=\"false\"  >\n\t\t<option  value=\"(v\u00e4lj ditt \u00e4rende h\u00e4r)\" class=\"frm_other_trigger\">(v\u00e4lj ditt \u00e4rende h\u00e4r)<\/option><option  value=\"en klimatpo\u00e4ng f\u00f6r en produkt.\">en klimatpo\u00e4ng f\u00f6r en produkt.<\/option><option  value=\"att berika en produkt med mer data.\">att berika en produkt med mer data.<\/option><option  value=\"en fullst\u00e4ndig h\u00e5llbarhetsdeklaration f\u00f6r en produkt.\">en fullst\u00e4ndig h\u00e5llbarhetsdeklaration f\u00f6r en produkt.<\/option><option  value=\"Produkt Information Portal (PIP)\">Produkt Information Portal (PIP)<\/option><option  value=\"Boka demo\">Boka demo<\/option><option  value=\"ett annat \u00e4rende.\">ett annat \u00e4rende.<\/option>\t<\/select>\n\t<label for=\"field_d4dck-otext\" class=\"frm_screen_reader frm_hidden\">Jag vill kontakta Consupedia om &#8230;<\/label><input type=\"text\" id=\"field_d4dck-otext\" class=\"frm_other_input frm_pos_none\"  name=\"item_meta[other][56]\" value=\"\" \/>\r\n    \r\n    \r\n<\/div>\n<div id=\"frm_field_72_container\" class=\"frm_form_field form-field  frm_top_container\">\r\n    <label for=\"field_9unt6\" id=\"field_9unt6_label\" class=\"frm_primary_label\">Produktens EAN \/ GTIN\r\n        <span class=\"frm_required\" aria-hidden=\"true\"><\/span>\r\n    <\/label>\r\n    <input  type=\"text\" id=\"field_9unt6\" name=\"item_meta[72]\" value=\"\"  data-invmsg=\"Text is invalid\" aria-invalid=\"false\"   \/>\r\n    \r\n    \r\n<\/div>\n<div id=\"frm_field_71_container\" class=\"frm_form_field form-field  frm_top_container\">\r\n    <label for=\"field_kwiyc\" id=\"field_kwiyc_label\" class=\"frm_primary_label\">L\u00e4nk till produkt\r\n        <span class=\"frm_required\" aria-hidden=\"true\"><\/span>\r\n    <\/label>\r\n    <input type=\"url\" id=\"field_kwiyc\" name=\"item_meta[71]\" value=\"\"  data-invmsg=\"Website\/URL is invalid\" aria-invalid=\"false\"  \/>\r\n    \r\n    \r\n<\/div>\n<div id=\"frm_field_58_container\" class=\"frm_form_field form-field  frm_required_field frm_top_container frm12 frm_first\">\r\n    <label for=\"field_oy43w\" id=\"field_oy43w_label\" class=\"frm_primary_label\">Produktens namn\r\n        <span class=\"frm_required\" aria-hidden=\"true\">*<\/span>\r\n    <\/label>\r\n    <input  type=\"text\" id=\"field_oy43w\" name=\"item_meta[58]\" value=\"\"  data-reqmsg=\"Obligatorisk uppgift.\" aria-required=\"true\" data-invmsg=\"Text is invalid\" aria-invalid=\"false\"   \/>\r\n    \r\n    \r\n<\/div>\n<div id=\"frm_field_59_container\" class=\"frm_form_field form-field  frm_required_field frm_top_container frm12\">\r\n    <label for=\"field_g9uby\" id=\"field_g9uby_label\" class=\"frm_primary_label\">Kommentar:\r\n        <span class=\"frm_required\" aria-hidden=\"true\">*<\/span>\r\n    <\/label>\r\n    <input  type=\"text\" id=\"field_g9uby\" name=\"item_meta[59]\" value=\"\"  data-reqmsg=\"Obligatorisk uppgift.\" aria-required=\"true\" data-invmsg=\"Text is invalid\" aria-invalid=\"false\"   \/>\r\n    \r\n    \r\n<\/div>\n<div id=\"frm_field_66_container\" class=\"frm_form_field form-field  frm_required_field frm_top_container frm12 frm_first\">\r\n    <label for=\"field_9fbtl\" id=\"field_9fbtl_label\" class=\"frm_primary_label\">Beskriv ditt \u00e4rende h\u00e4r:\r\n        <span class=\"frm_required\" aria-hidden=\"true\">*<\/span>\r\n    <\/label>\r\n    <input  type=\"text\" id=\"field_9fbtl\" name=\"item_meta[66]\" value=\"\"  data-reqmsg=\"Beskriv ditt \u00e4rende h\u00e4r: cannot be blank.\" aria-required=\"true\" data-invmsg=\"Text is invalid\" aria-invalid=\"false\"   \/>\r\n    \r\n    \r\n<\/div>\n<div id=\"frm_field_61_container\" class=\"frm_form_field form-field  frm_required_field frm_top_container frm12 frm6 frm_two_thirds frm12 frm12 frm_first\">\r\n    <label for=\"field_clk37\" id=\"field_clk37_label\" class=\"frm_primary_label\">Din epost:\r\n        <span class=\"frm_required\" aria-hidden=\"true\">*<\/span>\r\n    <\/label>\r\n    <input type=\"email\" id=\"field_clk37\" name=\"item_meta[61]\" value=\"\"  data-reqmsg=\"Obligatorisk uppgift.\" aria-required=\"true\" data-invmsg=\"Felaktig epost-adress.\" aria-invalid=\"false\"  \/>\r\n    \r\n    \r\n<\/div>\n<div id=\"frm_field_63_container\" class=\"frm_form_field form-field  frm_top_container\">\r\n    <label for=\"field_psoiv\" id=\"field_psoiv_label\" class=\"frm_primary_label\">Ditt telefonnummer (frivillig uppgift)\r\n        <span class=\"frm_required\" aria-hidden=\"true\"><\/span>\r\n    <\/label>\r\n    <input type=\"tel\" id=\"field_psoiv\" name=\"item_meta[63]\" value=\"\"  data-invmsg=\"Felaktigt format p\u00e5 telefonnumret.\" aria-invalid=\"false\" pattern=\"((\\+\\d{1,3}(-|.| )?\\(?\\d\\)?(-| |.)?\\d{1,5})|(\\(?\\d{2,6}\\)?))(-|.| )?(\\d{3,4})(-|.| )?(\\d{4})(( x| ext)\\d{1,5}){0,1}$\"  \/>\r\n    \r\n    \r\n<\/div>\n<div id=\"frm_field_64_container\" class=\"frm_form_field form-field  frm_required_field frm_top_container vertical_radio\">\r\n    <div  id=\"field_50yjc_label\" class=\"frm_primary_label\">Jag godk\u00e4nner att mina personuppgifter behandlas enligt <a href=\"https:\/\/consupedia.com\/privacy-policy\/\" target=\"_blank\" style=\"color: #0689d4;\">Consupedias integritetspolicy<\/a>.\r\n        <span class=\"frm_required\" aria-hidden=\"true\">*<\/span>\r\n    <\/div>\r\n    <div class=\"frm_opt_container\" aria-labelledby=\"field_50yjc_label\" role=\"group\">\t\t<div class=\"frm_checkbox\" id=\"frm_checkbox_64-0\">\t\t\t<label  for=\"field_50yjc-0\">\n\t\t\t<input type=\"checkbox\" name=\"item_meta[64][]\" id=\"field_50yjc-0\" value=\"Ja\"  data-reqmsg=\"Obligatorisk uppgift.\" data-invmsg=\"Jag godk\u00e4nner att mina personuppgifter behandlas enligt &lt;a href=&quot;https:\/\/consupedia.com\/privacy-policy\/&quot; target=&quot;_blank&quot; style=&quot;color: #0689d4;&quot;&gt;Consupedias integritetspolicy&lt;\/a&gt;. is invalid\" aria-invalid=\"false\"   aria-required=\"true\"  \/> Ja<\/label><\/div>\n<\/div>\r\n    \r\n    \r\n<\/div>\n<div id=\"frm_field_65_container\" class=\"frm_form_field form-field  frm_none_container\">\r\n    <label for=\"g-recaptcha-response\" id=\"field_djcbb_label\" class=\"frm_primary_label\">Du \u00e4r v\u00e4l inte en robot?\r\n        <span class=\"frm_required\" aria-hidden=\"true\"><\/span>\r\n    <\/label>\r\n    <div  id=\"field_djcbb\" class=\"frm-g-recaptcha\" data-sitekey=\"6LcDsoMkAAAAAEkU869SagIB7RabrCMLk75xzKq1\" data-size=\"normal\" data-theme=\"light\"><\/div>\r\n    \r\n    \r\n<\/div>\n<input type=\"hidden\" name=\"item_meta[67]\" id=\"field_93w8b\" value=\"\" data-frmval=\"\"\/>\n<div id=\"frm_field_190_container\" class=\"frm_form_field form-field \">\r\n\t<div class=\"frm_submit\">\r\n\r\n<button class=\"frm_button_submit frm_final_submit\" type=\"submit\"   formnovalidate=\"formnovalidate\">Skicka in<\/button>\r\n\r\n\r\n<\/div>\r\n<\/div>\n\t<input type=\"hidden\" name=\"item_key\" value=\"\" \/>\n\t\t\t<div id=\"frm_field_263_container\">\n\t\t\t<label for=\"field_zft5v\" >\n\t\t\t\tIf you are human, leave this field blank.\t\t\t<\/label>\n\t\t\t<input  id=\"field_zft5v\" type=\"text\" class=\"frm_form_field form-field frm_verify\" name=\"item_meta[263]\" value=\"\"  \/>\n\t\t<\/div>\n\t\t<input name=\"frm_state\" type=\"hidden\" value=\"3fEjrgdPl0THYac9wZtqsCrH0j43CJ4+CTuH\/aS1g3EgOzYcXqXzOtzySMZIo+hv\" \/><\/div>\n<\/fieldset>\n<\/div>\n\n<\/form>\n<\/div>\n<\/section>\n\n<p><\/p>\n","protected":false},"excerpt":{"rendered":"<p>As a supplier or producer, you are welcome to share as much information as possible about your products (e.g. quantity and origin of ingredients). This will allow us to make a more detailed calculation of your product linked to our 21 sustainability parameters, and you will receive a high value in transparency. If you have [&hellip;]<\/p>\n","protected":false},"author":4,"featured_media":0,"parent":0,"menu_order":0,"comment_status":"closed","ping_status":"closed","template":"","meta":{"_acf_changed":false,"inline_featured_image":false,"footnotes":""},"class_list":["post-2675","page","type-page","status-publish","hentry"],"acf":[],"yoast_head":"<!-- This site is optimized with the Yoast SEO plugin v25.8 - https:\/\/yoast.com\/wordpress\/plugins\/seo\/ -->\n<title>Contact form product data - Consupedia<\/title>\n<meta name=\"robots\" content=\"index, follow, max-snippet:-1, max-image-preview:large, max-video-preview:-1\" \/>\n<link rel=\"canonical\" href=\"https:\/\/consupedia.com\/en\/contact-form-product-data\/\" \/>\n<meta property=\"og:locale\" content=\"en_US\" \/>\n<meta property=\"og:type\" content=\"article\" \/>\n<meta property=\"og:title\" content=\"Contact form product data - Consupedia\" \/>\n<meta property=\"og:description\" content=\"As a supplier or producer, you are welcome to share as much information as possible about your products (e.g. quantity and origin of ingredients). This will allow us to make a more detailed calculation of your product linked to our 21 sustainability parameters, and you will receive a high value in transparency. If you have [&hellip;]\" \/>\n<meta property=\"og:url\" content=\"https:\/\/consupedia.com\/en\/contact-form-product-data\/\" \/>\n<meta property=\"og:site_name\" content=\"Consupedia\" \/>\n<meta property=\"article:publisher\" content=\"https:\/\/www.facebook.com\/ConsupediaGlobal\/about\/\" \/>\n<meta property=\"article:modified_time\" content=\"2025-02-14T10:16:28+00:00\" \/>\n<meta name=\"twitter:card\" content=\"summary_large_image\" \/>\n<meta name=\"twitter:label1\" content=\"Est. reading time\" \/>\n\t<meta name=\"twitter:data1\" content=\"1 minute\" \/>\n<script type=\"application\/ld+json\" class=\"yoast-schema-graph\">{\"@context\":\"https:\/\/schema.org\",\"@graph\":[{\"@type\":\"WebPage\",\"@id\":\"https:\/\/consupedia.com\/en\/contact-form-product-data\/\",\"url\":\"https:\/\/consupedia.com\/en\/contact-form-product-data\/\",\"name\":\"Contact form product data - Consupedia\",\"isPartOf\":{\"@id\":\"https:\/\/consupedia.com\/#website\"},\"datePublished\":\"2023-05-09T11:04:46+00:00\",\"dateModified\":\"2025-02-14T10:16:28+00:00\",\"breadcrumb\":{\"@id\":\"https:\/\/consupedia.com\/en\/contact-form-product-data\/#breadcrumb\"},\"inLanguage\":\"en-US\",\"potentialAction\":[{\"@type\":\"ReadAction\",\"target\":[\"https:\/\/consupedia.com\/en\/contact-form-product-data\/\"]}]},{\"@type\":\"BreadcrumbList\",\"@id\":\"https:\/\/consupedia.com\/en\/contact-form-product-data\/#breadcrumb\",\"itemListElement\":[{\"@type\":\"ListItem\",\"position\":1,\"name\":\"Home\",\"item\":\"https:\/\/consupedia.com\/en\/\"},{\"@type\":\"ListItem\",\"position\":2,\"name\":\"Contact form product data\"}]},{\"@type\":\"WebSite\",\"@id\":\"https:\/\/consupedia.com\/#website\",\"url\":\"https:\/\/consupedia.com\/\",\"name\":\"Consupedia\",\"description\":\"Revolutionizing the food system for a more transparent and sustainable world.\",\"publisher\":{\"@id\":\"https:\/\/consupedia.com\/#organization\"},\"potentialAction\":[{\"@type\":\"SearchAction\",\"target\":{\"@type\":\"EntryPoint\",\"urlTemplate\":\"https:\/\/consupedia.com\/?s={search_term_string}\"},\"query-input\":{\"@type\":\"PropertyValueSpecification\",\"valueRequired\":true,\"valueName\":\"search_term_string\"}}],\"inLanguage\":\"en-US\"},{\"@type\":\"Organization\",\"@id\":\"https:\/\/consupedia.com\/#organization\",\"name\":\"Consupedia\",\"url\":\"https:\/\/consupedia.com\/\",\"logo\":{\"@type\":\"ImageObject\",\"inLanguage\":\"en-US\",\"@id\":\"https:\/\/consupedia.com\/#\/schema\/logo\/image\/\",\"url\":\"https:\/\/consupedia.com\/wp-content\/uploads\/2025\/03\/Consu2.svg\",\"contentUrl\":\"https:\/\/consupedia.com\/wp-content\/uploads\/2025\/03\/Consu2.svg\",\"width\":192,\"height\":208,\"caption\":\"Consupedia\"},\"image\":{\"@id\":\"https:\/\/consupedia.com\/#\/schema\/logo\/image\/\"},\"sameAs\":[\"https:\/\/www.facebook.com\/ConsupediaGlobal\/about\/\",\"https:\/\/www.instagram.com\/consupedia\/\"]}]}<\/script>\n<!-- \/ Yoast SEO plugin. -->","yoast_head_json":{"title":"Contact form product data - Consupedia","robots":{"index":"index","follow":"follow","max-snippet":"max-snippet:-1","max-image-preview":"max-image-preview:large","max-video-preview":"max-video-preview:-1"},"canonical":"https:\/\/consupedia.com\/en\/contact-form-product-data\/","og_locale":"en_US","og_type":"article","og_title":"Contact form product data - Consupedia","og_description":"As a supplier or producer, you are welcome to share as much information as possible about your products (e.g. quantity and origin of ingredients). This will allow us to make a more detailed calculation of your product linked to our 21 sustainability parameters, and you will receive a high value in transparency. If you have [&hellip;]","og_url":"https:\/\/consupedia.com\/en\/contact-form-product-data\/","og_site_name":"Consupedia","article_publisher":"https:\/\/www.facebook.com\/ConsupediaGlobal\/about\/","article_modified_time":"2025-02-14T10:16:28+00:00","twitter_card":"summary_large_image","twitter_misc":{"Est. reading time":"1 minute"},"schema":{"@context":"https:\/\/schema.org","@graph":[{"@type":"WebPage","@id":"https:\/\/consupedia.com\/en\/contact-form-product-data\/","url":"https:\/\/consupedia.com\/en\/contact-form-product-data\/","name":"Contact form product data - Consupedia","isPartOf":{"@id":"https:\/\/consupedia.com\/#website"},"datePublished":"2023-05-09T11:04:46+00:00","dateModified":"2025-02-14T10:16:28+00:00","breadcrumb":{"@id":"https:\/\/consupedia.com\/en\/contact-form-product-data\/#breadcrumb"},"inLanguage":"en-US","potentialAction":[{"@type":"ReadAction","target":["https:\/\/consupedia.com\/en\/contact-form-product-data\/"]}]},{"@type":"BreadcrumbList","@id":"https:\/\/consupedia.com\/en\/contact-form-product-data\/#breadcrumb","itemListElement":[{"@type":"ListItem","position":1,"name":"Home","item":"https:\/\/consupedia.com\/en\/"},{"@type":"ListItem","position":2,"name":"Contact form product data"}]},{"@type":"WebSite","@id":"https:\/\/consupedia.com\/#website","url":"https:\/\/consupedia.com\/","name":"Consupedia","description":"Revolutionizing the food system for a more transparent and sustainable world.","publisher":{"@id":"https:\/\/consupedia.com\/#organization"},"potentialAction":[{"@type":"SearchAction","target":{"@type":"EntryPoint","urlTemplate":"https:\/\/consupedia.com\/?s={search_term_string}"},"query-input":{"@type":"PropertyValueSpecification","valueRequired":true,"valueName":"search_term_string"}}],"inLanguage":"en-US"},{"@type":"Organization","@id":"https:\/\/consupedia.com\/#organization","name":"Consupedia","url":"https:\/\/consupedia.com\/","logo":{"@type":"ImageObject","inLanguage":"en-US","@id":"https:\/\/consupedia.com\/#\/schema\/logo\/image\/","url":"https:\/\/consupedia.com\/wp-content\/uploads\/2025\/03\/Consu2.svg","contentUrl":"https:\/\/consupedia.com\/wp-content\/uploads\/2025\/03\/Consu2.svg","width":192,"height":208,"caption":"Consupedia"},"image":{"@id":"https:\/\/consupedia.com\/#\/schema\/logo\/image\/"},"sameAs":["https:\/\/www.facebook.com\/ConsupediaGlobal\/about\/","https:\/\/www.instagram.com\/consupedia\/"]}]}},"_links":{"self":[{"href":"https:\/\/consupedia.com\/en\/wp-json\/wp\/v2\/pages\/2675","targetHints":{"allow":["GET"]}}],"collection":[{"href":"https:\/\/consupedia.com\/en\/wp-json\/wp\/v2\/pages"}],"about":[{"href":"https:\/\/consupedia.com\/en\/wp-json\/wp\/v2\/types\/page"}],"author":[{"embeddable":true,"href":"https:\/\/consupedia.com\/en\/wp-json\/wp\/v2\/users\/4"}],"replies":[{"embeddable":true,"href":"https:\/\/consupedia.com\/en\/wp-json\/wp\/v2\/comments?post=2675"}],"version-history":[{"count":5,"href":"https:\/\/consupedia.com\/en\/wp-json\/wp\/v2\/pages\/2675\/revisions"}],"predecessor-version":[{"id":3940,"href":"https:\/\/consupedia.com\/en\/wp-json\/wp\/v2\/pages\/2675\/revisions\/3940"}],"wp:attachment":[{"href":"https:\/\/consupedia.com\/en\/wp-json\/wp\/v2\/media?parent=2675"}],"curies":[{"name":"wp","href":"https:\/\/api.w.org\/{rel}","templated":true}]}}